{"id":465,"date":"2022-06-10T08:53:11","date_gmt":"2022-06-10T06:53:11","guid":{"rendered":"https:\/\/benoitspiess.com\/?page_id=465"},"modified":"2024-09-11T08:29:39","modified_gmt":"2024-09-11T06:29:39","slug":"mentions-legales","status":"publish","type":"page","link":"https:\/\/benoitspiess.com\/index.php\/mentions-legales\/","title":{"rendered":"Mentions l\u00e9gales"},"content":{"rendered":"\n<div class=\"wp-block-cover alignfull\" style=\"min-height:300px;aspect-ratio:unset;\"><span aria-hidden=\"true\" class=\"wp-block-cover__background has-nv-site-bg-background-color has-background-dim-100 has-background-dim\"><\/span><div class=\"wp-block-cover__inner-container is-layout-flow wp-block-cover-is-layout-flow\">\n<div class=\"wp-block-group\"><div class=\"wp-block-group__inner-container is-layout-flow wp-block-group-is-layout-flow\">\n<p><\/p>\n\n\n\n<h1 class=\"wp-block-heading has-text-align-left has-neve-text-color-color has-text-color\">Mentions l\u00e9gales<br><\/h1>\n<\/div><\/div>\n<\/div><\/div>\n\n\n\n<p>Entreprise cr\u00e9atrice du site : Spika Consulting<br>SIRET : 982 199 317 00016<br>Nom : Spiess<br>Pr\u00e9nom : Benoit<br>Adresse : 177 rue de Lourmel, 75015 Paris<br>Email : benoit.spiess@outlook.fr<br>T\u00e9l\u00e9phone : 06 29 76 06 17<\/p>\n\n\n\n<p><br>Entreprise propri\u00e9taire du site : Spika Consulting<br>SIRET : 982 199 317 00016<br>Nom : Spiess<br>Pr\u00e9nom : Benoit<br>Adresse : 177 rue de Lourmel, 75015 Paris<br>Email : benoit.spiess@outlook.fr<br>T\u00e9l\u00e9phone : 06 29 76 06 17<\/p>\n\n\n\n<p>Entreprise h\u00e9bergeant le site :<br>Hostinger&nbsp;International Ltd<br>61&nbsp;Lordou&nbsp;Vironos&nbsp;str., 6023&nbsp;Larnaca, Cyprus<br><a href=\"mailto:compliance@hostinger.com\">compliance@hostinger.com<\/a><\/p>\n","protected":false},"excerpt":{"rendered":"<p>Entreprise cr\u00e9atrice du site : Spika ConsultingSIRET : 982 199 317 00016Nom : SpiessPr\u00e9nom : BenoitAdresse : 177 rue de Lourmel, 75015 ParisEmail : benoit.spiess@outlook.frT\u00e9l\u00e9phone : 06 29 76 06 17 Entreprise propri\u00e9taire du site : Spika ConsultingSIRET : 982 199 317 00016Nom : SpiessPr\u00e9nom : BenoitAdresse : 177 rue de Lourmel, 75015 ParisEmail :&hellip;&nbsp;<a href=\"https:\/\/benoitspiess.com\/index.php\/mentions-legales\/\" class=\"\" rel=\"bookmark\">Lire la suite &raquo;<span class=\"screen-reader-text\">Mentions l\u00e9gales<\/span><\/a><\/p>\n","protected":false},"author":1,"featured_media":0,"parent":0,"menu_order":0,"comment_status":"closed","ping_status":"closed","template":"page-templates\/template-pagebuilder-full-width.php","meta":{"om_disable_all_campaigns":false,"_monsterinsights_skip_tracking":false,"_monsterinsights_sitenote_active":false,"_monsterinsights_sitenote_note":"","_monsterinsights_sitenote_category":0,"neve_meta_sidebar":"","neve_meta_container":"","neve_meta_enable_content_width":"","neve_meta_content_width":0,"neve_meta_title_alignment":"","neve_meta_author_avatar":"","neve_post_elements_order":"","neve_meta_disable_header":"","neve_meta_disable_footer":"","neve_meta_disable_title":"","_ti_tpc_template_sync":false,"_ti_tpc_template_id":"","footnotes":""},"class_list":["post-465","page","type-page","status-publish","hentry"],"aioseo_notices":[],"_links":{"self":[{"href":"https:\/\/benoitspiess.com\/index.php\/wp-json\/wp\/v2\/pages\/465","targetHints":{"allow":["GET"]}}],"collection":[{"href":"https:\/\/benoitspiess.com\/index.php\/wp-json\/wp\/v2\/pages"}],"about":[{"href":"https:\/\/benoitspiess.com\/index.php\/wp-json\/wp\/v2\/types\/page"}],"author":[{"embeddable":true,"href":"https:\/\/benoitspiess.com\/index.php\/wp-json\/wp\/v2\/users\/1"}],"replies":[{"embeddable":true,"href":"https:\/\/benoitspiess.com\/index.php\/wp-json\/wp\/v2\/comments?post=465"}],"version-history":[{"count":5,"href":"https:\/\/benoitspiess.com\/index.php\/wp-json\/wp\/v2\/pages\/465\/revisions"}],"predecessor-version":[{"id":663,"href":"https:\/\/benoitspiess.com\/index.php\/wp-json\/wp\/v2\/pages\/465\/revisions\/663"}],"wp:attachment":[{"href":"https:\/\/benoitspiess.com\/index.php\/wp-json\/wp\/v2\/media?parent=465"}],"curies":[{"name":"wp","href":"https:\/\/api.w.org\/{rel}","templated":true}]}}