{"id":5,"date":"2020-01-13T11:17:52","date_gmt":"2020-01-13T10:17:52","guid":{"rendered":"https:\/\/demosites.io\/web-agency-gb\/?page_id=5"},"modified":"2024-05-19T16:24:16","modified_gmt":"2024-05-19T14:24:16","slug":"accueil","status":"publish","type":"page","link":"https:\/\/benoitspiess.com\/","title":{"rendered":"Accueil"},"content":{"rendered":"\n<div class=\"wp-block-cover\" style=\"min-height:142px;aspect-ratio:unset;\"><span aria-hidden=\"true\" class=\"wp-block-cover__background has-nv-text-dark-bg-background-color has-background-dim-100 has-background-dim\"><\/span><div class=\"wp-block-cover__inner-container is-layout-flow wp-block-cover-is-layout-flow\">\n<p class=\"has-text-align-center has-large-font-size\"><\/p>\n<\/div><\/div>\n\n\n\n<div class=\"wp-block-media-text alignfull is-stacked-on-mobile is-vertically-aligned-center\" style=\"grid-template-columns:21% auto\"><figure class=\"wp-block-media-text__media\"><img loading=\"lazy\" decoding=\"async\" width=\"819\" height=\"1024\" src=\"https:\/\/benoitspiess.com\/wp-content\/uploads\/2023\/09\/SPIESS_BENOIT-2-1-819x1024.jpg\" alt=\"\" class=\"wp-image-626 size-full\" srcset=\"https:\/\/benoitspiess.com\/wp-content\/uploads\/2023\/09\/SPIESS_BENOIT-2-1-819x1024.jpg 819w, https:\/\/benoitspiess.com\/wp-content\/uploads\/2023\/09\/SPIESS_BENOIT-2-1-240x300.jpg 240w, https:\/\/benoitspiess.com\/wp-content\/uploads\/2023\/09\/SPIESS_BENOIT-2-1-768x960.jpg 768w, https:\/\/benoitspiess.com\/wp-content\/uploads\/2023\/09\/SPIESS_BENOIT-2-1-1229x1536.jpg 1229w, https:\/\/benoitspiess.com\/wp-content\/uploads\/2023\/09\/SPIESS_BENOIT-2-1-1638x2048.jpg 1638w, https:\/\/benoitspiess.com\/wp-content\/uploads\/2023\/09\/SPIESS_BENOIT-2-1-scaled.jpg 2048w\" sizes=\"auto, (max-width: 819px) 100vw, 819px\" \/><\/figure><div class=\"wp-block-media-text__content\">\n<p>Data analyst freelance bas\u00e9 \u00e0 Paris. Expert en automatisation pour le contr\u00f4le de gestion.<\/p>\n\n\n\n<p>Dipl\u00f4m\u00e9 en comptabilit\u00e9 de la London Schoool of Economics en 2016. D\u00e9but de carri\u00e8re dans la grande distribution. Freelance depuis 2021.<\/p>\n\n\n\n<p>Expertise sur Microsoft Excel : fonctions, mises en formes conditionnelles, graphiques, tableaux crois\u00e9s dynamiques, verrouillages\u2026<\/p>\n\n\n\n<p>Ma\u00eetrise de Microsoft Power Platform : Power Query, Power Pivot, Power BI, Power Automate, Code M, DAX\u2026<\/p>\n\n\n\n<p>Ma\u00eetrise de VBA : gestion de fichiers, g\u00e9n\u00e9ration d&#8217;emails, formulaires, interactions avec des bases de donn\u00e9es\u2026<\/p>\n\n\n\n<p>Ma\u00eetrise de SQL : conception de mod\u00e8le de donn\u00e9es, jointures, optimisation de requ\u00eates\u2026<\/p>\n\n\n\n<p>J&rsquo;apporte une expertise \u00ab\u00a0data\u00a0\u00bb tout en m&rsquo;investissant pleinement dans la d\u00e9finition des besoins afin que mes clients atteignent leurs objectifs.<\/p>\n<\/div><\/div>\n","protected":false},"excerpt":{"rendered":"<p>Data analyst freelance bas\u00e9 \u00e0 Paris. Expert en automatisation pour le contr\u00f4le de gestion. Dipl\u00f4m\u00e9 en comptabilit\u00e9 de la London Schoool of Economics en 2016. D\u00e9but de carri\u00e8re dans la grande distribution. Freelance depuis 2021. Expertise sur Microsoft Excel : fonctions, mises en formes conditionnelles, graphiques, tableaux crois\u00e9s dynamiques, verrouillages\u2026 Ma\u00eetrise de Microsoft Power Platform&hellip;&nbsp;<a href=\"https:\/\/benoitspiess.com\/\" class=\"\" rel=\"bookmark\">Lire la suite &raquo;<span class=\"screen-reader-text\">Accueil<\/span><\/a><\/p>\n","protected":false},"author":1,"featured_media":0,"parent":0,"menu_order":0,"comment_status":"closed","ping_status":"closed","template":"","meta":{"om_disable_all_campaigns":false,"_monsterinsights_skip_tracking":false,"_monsterinsights_sitenote_active":false,"_monsterinsights_sitenote_note":"","_monsterinsights_sitenote_category":0,"neve_meta_sidebar":"default","neve_meta_container":"default","neve_meta_enable_content_width":"on","neve_meta_content_width":100,"neve_meta_title_alignment":"","neve_meta_author_avatar":"","neve_post_elements_order":"","neve_meta_disable_header":"","neve_meta_disable_footer":"","neve_meta_disable_title":"on","_ti_tpc_template_sync":false,"_ti_tpc_template_id":"cwhkd9lki581rusuhjti","footnotes":""},"class_list":["post-5","page","type-page","status-publish","hentry"],"aioseo_notices":[],"_links":{"self":[{"href":"https:\/\/benoitspiess.com\/index.php\/wp-json\/wp\/v2\/pages\/5","targetHints":{"allow":["GET"]}}],"collection":[{"href":"https:\/\/benoitspiess.com\/index.php\/wp-json\/wp\/v2\/pages"}],"about":[{"href":"https:\/\/benoitspiess.com\/index.php\/wp-json\/wp\/v2\/types\/page"}],"author":[{"embeddable":true,"href":"https:\/\/benoitspiess.com\/index.php\/wp-json\/wp\/v2\/users\/1"}],"replies":[{"embeddable":true,"href":"https:\/\/benoitspiess.com\/index.php\/wp-json\/wp\/v2\/comments?post=5"}],"version-history":[{"count":42,"href":"https:\/\/benoitspiess.com\/index.php\/wp-json\/wp\/v2\/pages\/5\/revisions"}],"predecessor-version":[{"id":661,"href":"https:\/\/benoitspiess.com\/index.php\/wp-json\/wp\/v2\/pages\/5\/revisions\/661"}],"wp:attachment":[{"href":"https:\/\/benoitspiess.com\/index.php\/wp-json\/wp\/v2\/media?parent=5"}],"curies":[{"name":"wp","href":"https:\/\/api.w.org\/{rel}","templated":true}]}}