{"id":69,"date":"2020-01-27T08:05:29","date_gmt":"2020-01-27T07:05:29","guid":{"rendered":"https:\/\/demosites.io\/web-agency-gb\/?page_id=69"},"modified":"2026-03-23T08:39:25","modified_gmt":"2026-03-23T07:39:25","slug":"portfolio","status":"publish","type":"page","link":"https:\/\/benoitspiess.com\/index.php\/portfolio\/","title":{"rendered":"Portfolio"},"content":{"rendered":"\n<div class=\"wp-block-cover alignfull\" style=\"min-height:300px;aspect-ratio:unset;\"><span aria-hidden=\"true\" class=\"wp-block-cover__background has-nv-site-bg-background-color has-background-dim-100 has-background-dim\"><\/span><div class=\"wp-block-cover__inner-container is-layout-flow wp-block-cover-is-layout-flow\">\n<div class=\"wp-block-group\"><div class=\"wp-block-group__inner-container is-layout-flow wp-block-group-is-layout-flow\">\n<h1 class=\"wp-block-heading has-text-align-left has-neve-text-color-color has-text-color\"><br>Portfolio<\/h1>\n<\/div><\/div>\n<\/div><\/div>\n\n\n\n<div class=\"wp-block-cover alignfull client\" style=\"min-height:132px;aspect-ratio:unset;\"><span aria-hidden=\"true\" class=\"wp-block-cover__background has-nv-light-bg-background-color has-background-dim-100 has-background-dim\"><\/span><div class=\"wp-block-cover__inner-container is-layout-flow wp-block-cover-is-layout-flow\">\n<p class=\"has-neve-text-color-color has-text-color has-large-font-size\">Mes clients : Chanel, Manutan, ICADE, Casino, Total Energies&#8230;<\/p>\n<\/div><\/div>\n\n\n\n<div class=\"wp-block-cover alignfull has-nv-site-bg-color has-text-color has-link-color wp-elements-a083c4eb55f89bfe4e0c802c24a7d2b4\" style=\"min-height:535px;aspect-ratio:unset;\"><span aria-hidden=\"true\" class=\"wp-block-cover__background has-nv-dark-bg-background-color has-background-dim-100 has-background-dim\"><\/span><div class=\"wp-block-cover__inner-container is-layout-flow wp-block-cover-is-layout-flow\">\n<div class=\"wp-block-group\"><div class=\"wp-block-group__inner-container is-layout-flow wp-block-group-is-layout-flow\">\n<div class=\"wp-block-columns are-vertically-aligned-center is-layout-flex wp-container-core-columns-is-layout-9d6595d7 wp-block-columns-is-layout-flex\">\n<div class=\"wp-block-column is-vertically-aligned-center is-layout-flow wp-block-column-is-layout-flow\" style=\"flex-basis:50%\">\n<figure class=\"wp-block-gallery aligncenter has-nested-images columns-default is-cropped wp-block-gallery-1 is-layout-flex wp-block-gallery-is-layout-flex\">\n<figure class=\"wp-block-image size-full is-style-default\"><img loading=\"lazy\" decoding=\"async\" width=\"640\" height=\"427\" data-id=\"759\" src=\"https:\/\/benoitspiess.com\/wp-content\/uploads\/2026\/03\/Dashboard.jpg\" alt=\"\" class=\"wp-image-759\" srcset=\"https:\/\/benoitspiess.com\/wp-content\/uploads\/2026\/03\/Dashboard.jpg 640w, https:\/\/benoitspiess.com\/wp-content\/uploads\/2026\/03\/Dashboard-300x200.jpg 300w\" sizes=\"auto, (max-width: 640px) 100vw, 640px\" \/><\/figure>\n<\/figure>\n<\/div>\n\n\n\n<div class=\"wp-block-column is-vertically-aligned-center is-layout-flow wp-block-column-is-layout-flow\" style=\"flex-basis:50%\">\n<h3 class=\"wp-block-heading has-text-align-center has-nv-site-bg-color has-text-color\">Mission business controlling<\/h3>\n\n\n\n<p class=\"has-text-align-left has-nv-site-bg-color has-text-color\"><strong><em>P\u00e9riode : <\/em><\/strong><em>septembre 2025 &#8211; <\/em>f\u00e9vrier 2026<strong><br><em>Technologie : <\/em><\/strong><em>Excel, Power Query, HFM<\/em>, MicroStrategy, VBA, Power Pivot, DAX, Power BI <strong><br><em>Secteur :<\/em><\/strong><em> Distribution (BtoB)<\/em><br>-D\u00e9veloppement de multiples dashboards : ventes en lignes, devis ouverts, visites des commerciaux &amp; impact sur les ventes<br>-Cr\u00e9ation d&rsquo;objectifs de vente \u00e0 la cat\u00e9gorie de produit<br>-Analyse du chiffre d&rsquo;affaires et de la marge<br>-Analyse de la marque propre avec distinction des effets taux et mix<br>-Analyse de la performance des nouveaux produits<\/p>\n<\/div>\n<\/div>\n<\/div><\/div>\n<\/div><\/div>\n\n\n\n<div class=\"wp-block-cover alignfull\" style=\"min-height:535px;aspect-ratio:unset;\"><span aria-hidden=\"true\" class=\"wp-block-cover__background has-nv-light-bg-background-color has-background-dim-100 has-background-dim\"><\/span><div class=\"wp-block-cover__inner-container is-layout-flow wp-block-cover-is-layout-flow\">\n<div class=\"wp-block-group\"><div class=\"wp-block-group__inner-container is-layout-flow wp-block-group-is-layout-flow\">\n<div class=\"wp-block-columns are-vertically-aligned-center is-layout-flex wp-container-core-columns-is-layout-9d6595d7 wp-block-columns-is-layout-flex\">\n<div class=\"wp-block-column is-vertically-aligned-center is-layout-flow wp-block-column-is-layout-flow\" style=\"flex-basis:50%\"><div class=\"wp-block-image is-style-default\">\n<figure class=\"aligncenter size-full is-resized\"><img loading=\"lazy\" decoding=\"async\" width=\"2560\" height=\"1706\" src=\"https:\/\/benoitspiess.com\/wp-content\/uploads\/2025\/08\/Payment-sector-1-scaled.jpg\" alt=\"\" class=\"wp-image-742\" style=\"width:512px;height:359px\" srcset=\"https:\/\/benoitspiess.com\/wp-content\/uploads\/2025\/08\/Payment-sector-1-scaled.jpg 2560w, https:\/\/benoitspiess.com\/wp-content\/uploads\/2025\/08\/Payment-sector-1-300x200.jpg 300w, https:\/\/benoitspiess.com\/wp-content\/uploads\/2025\/08\/Payment-sector-1-1024x683.jpg 1024w, https:\/\/benoitspiess.com\/wp-content\/uploads\/2025\/08\/Payment-sector-1-768x512.jpg 768w, https:\/\/benoitspiess.com\/wp-content\/uploads\/2025\/08\/Payment-sector-1-1536x1024.jpg 1536w, https:\/\/benoitspiess.com\/wp-content\/uploads\/2025\/08\/Payment-sector-1-2048x1365.jpg 2048w, https:\/\/benoitspiess.com\/wp-content\/uploads\/2025\/08\/Payment-sector-1-930x620.jpg 930w\" sizes=\"auto, (max-width: 2560px) 100vw, 2560px\" \/><\/figure>\n<\/div><\/div>\n\n\n\n<div class=\"wp-block-column is-vertically-aligned-center is-layout-flow wp-block-column-is-layout-flow\" style=\"flex-basis:50%\">\n<h3 class=\"wp-block-heading has-text-align-center has-nv-dark-bg-color has-text-color\">Accompagnement de l&rsquo;\u00e9quipe controlling<\/h3>\n\n\n\n<p class=\"has-text-align-left has-nv-dark-bg-color has-text-color\"><strong><em>P\u00e9riode : <\/em><\/strong><em>avril 2025 &#8211; <\/em>ao\u00fbt 2025<strong><br><em>Technologie : <\/em><\/strong><em>Excel, Power Query, Analysis for Office (AfO), HFM<\/em><strong><br><em>Secteur :<\/em><\/strong><em> Paiements<\/em><br>-\u00c9laboration d&rsquo;un plan \u00e0 3 ans&nbsp;: cr\u00e9ation de templates et consolidation automatis\u00e9e<br>-Consolidation des donn\u00e9es et \u00e9l\u00e9ments qualitatifs dans le cadre des cl\u00f4tures mensuelles<br>-Contribution \u00e0 la communication financi\u00e8re<br>-R\u00e9alisation de supports de pr\u00e9sentation \u00e0 destination des auditeurs<br>-Mise en place d&rsquo;un nouveau processus budg\u00e9taire<\/p>\n<\/div>\n<\/div>\n<\/div><\/div>\n<\/div><\/div>\n\n\n\n<div class=\"wp-block-cover alignfull\" style=\"min-height:535px;aspect-ratio:unset;\"><span aria-hidden=\"true\" class=\"wp-block-cover__background has-nv-dark-bg-background-color has-background-dim-100 has-background-dim\"><\/span><div class=\"wp-block-cover__inner-container is-layout-flow wp-block-cover-is-layout-flow\">\n<div class=\"wp-block-group\"><div class=\"wp-block-group__inner-container is-layout-flow wp-block-group-is-layout-flow\">\n<div class=\"wp-block-columns are-vertically-aligned-center is-layout-flex wp-container-core-columns-is-layout-9d6595d7 wp-block-columns-is-layout-flex\">\n<div class=\"wp-block-column is-vertically-aligned-center is-layout-flow wp-block-column-is-layout-flow\" style=\"flex-basis:50%\"><div class=\"wp-block-image is-style-default\">\n<figure class=\"aligncenter size-full is-resized\"><img loading=\"lazy\" decoding=\"async\" width=\"640\" height=\"427\" src=\"https:\/\/benoitspiess.com\/wp-content\/uploads\/2025\/07\/Code.jpg\" alt=\"\" class=\"wp-image-733\" style=\"width:512px;height:359px\" srcset=\"https:\/\/benoitspiess.com\/wp-content\/uploads\/2025\/07\/Code.jpg 640w, https:\/\/benoitspiess.com\/wp-content\/uploads\/2025\/07\/Code-300x200.jpg 300w\" sizes=\"auto, (max-width: 640px) 100vw, 640px\" \/><\/figure>\n<\/div><\/div>\n\n\n\n<div class=\"wp-block-column is-vertically-aligned-center is-layout-flow wp-block-column-is-layout-flow\" style=\"flex-basis:50%\">\n<h3 class=\"wp-block-heading has-text-align-center has-nv-site-bg-color has-text-color\">Automatisation &amp; formation data pour l\u2019administration des ventes, la finance et le marketing<\/h3>\n\n\n\n<p class=\"has-text-align-left has-nv-site-bg-color has-text-color\"><strong><em>P\u00e9riode : <\/em><\/strong><em>avril 2024 &#8211; mars 202<\/em>5<strong><br><em>Technologie : <\/em><\/strong><em>Excel, Power Query, Power Automate, Power Apps<\/em><strong>, <\/strong><em>Office Script, SAP, DAX, JSON, XML, Dataverse<\/em><strong><br><em>Secteur :<\/em><\/strong><em> Luxe<\/em><br>-Consolidation de donn\u00e9es de sell out<br>-Diffusion d\u2019annonces de livraisons<br>-Pr\u00e9vision de quantit\u00e9s pour les nouveaux articles<br>-Formation \u00e0 Power Query<br>-Diffusion de donn\u00e9es sur les dettes fournisseurs<br>-Relances sur les litiges fournisseurs<br>-Traitement de bons de commandes<\/p>\n<\/div>\n<\/div>\n<\/div><\/div>\n<\/div><\/div>\n\n\n\n<div class=\"wp-block-cover alignfull\" style=\"min-height:535px;aspect-ratio:unset;\"><span aria-hidden=\"true\" class=\"wp-block-cover__background has-nv-light-bg-background-color has-background-dim-100 has-background-dim\"><\/span><div class=\"wp-block-cover__inner-container is-layout-flow wp-block-cover-is-layout-flow\">\n<div class=\"wp-block-group\"><div class=\"wp-block-group__inner-container is-layout-flow wp-block-group-is-layout-flow\">\n<div class=\"wp-block-columns are-vertically-aligned-center is-layout-flex wp-container-core-columns-is-layout-9d6595d7 wp-block-columns-is-layout-flex\">\n<div class=\"wp-block-column is-vertically-aligned-center is-layout-flow wp-block-column-is-layout-flow\" style=\"flex-basis:50%\"><div class=\"wp-block-image is-style-default\">\n<figure class=\"aligncenter size-full is-resized\"><img loading=\"lazy\" decoding=\"async\" width=\"640\" height=\"456\" src=\"https:\/\/benoitspiess.com\/wp-content\/uploads\/2024\/05\/Dashboard-2.jpg\" alt=\"\" class=\"wp-image-658\" style=\"width:512px;height:359px\" srcset=\"https:\/\/benoitspiess.com\/wp-content\/uploads\/2024\/05\/Dashboard-2.jpg 640w, https:\/\/benoitspiess.com\/wp-content\/uploads\/2024\/05\/Dashboard-2-300x214.jpg 300w\" sizes=\"auto, (max-width: 640px) 100vw, 640px\" \/><\/figure>\n<\/div><\/div>\n\n\n\n<div class=\"wp-block-column is-vertically-aligned-center is-layout-flow wp-block-column-is-layout-flow\" style=\"flex-basis:50%\">\n<h3 class=\"wp-block-heading has-text-align-center has-nv-dark-bg-color has-text-color\">Accompagnement du contr\u00f4le de gestion en qualit\u00e9 d&rsquo;expert data<\/h3>\n\n\n\n<p class=\"has-text-align-left has-nv-dark-bg-color has-text-color\"><strong><em>P\u00e9riode : <\/em><\/strong><em>novembre 2023 &#8211; mars 202<\/em>4<strong><br><em>Technologie : <\/em><\/strong><em>Excel, Power Query, VBA, HFM<\/em><strong>, <\/strong><em>Microstrategy<\/em><strong><br><em>Secteur :<\/em><\/strong><em> Distribution (BtoB)<\/em><br>-Cr\u00e9ation d&rsquo;un outil permettant de d\u00e9cliner des objectifs globaux \u00e0 un niveau local<br>-Cr\u00e9ation d&rsquo;un outil de consolidation des diff\u00e9rents KPI<br>-Analyse et budg\u00e9tisation des charges (FP&amp;A)<br>-Modifications et corrections de rapports existants<br>-Optimisation des performances des outils<br>-Formation sur les outils d\u00e9velopp\u00e9s<\/p>\n<\/div>\n<\/div>\n<\/div><\/div>\n<\/div><\/div>\n\n\n\n<div class=\"wp-block-cover alignfull\" style=\"min-height:535px;aspect-ratio:unset;\"><span aria-hidden=\"true\" class=\"wp-block-cover__background has-nv-dark-bg-background-color has-background-dim-100 has-background-dim\"><\/span><div class=\"wp-block-cover__inner-container is-layout-flow wp-block-cover-is-layout-flow\">\n<div class=\"wp-block-group\"><div class=\"wp-block-group__inner-container is-layout-flow wp-block-group-is-layout-flow\">\n<div class=\"wp-block-columns are-vertically-aligned-center is-layout-flex wp-container-core-columns-is-layout-9d6595d7 wp-block-columns-is-layout-flex\">\n<div class=\"wp-block-column is-vertically-aligned-center is-layout-flow wp-block-column-is-layout-flow\" style=\"flex-basis:50%\"><div class=\"wp-block-image is-style-default\">\n<figure class=\"aligncenter size-large is-resized\"><img loading=\"lazy\" decoding=\"async\" width=\"1024\" height=\"718\" src=\"https:\/\/benoitspiess.com\/wp-content\/uploads\/2023\/11\/Luxe-2-1024x718.jpg\" alt=\"\" class=\"wp-image-636\" style=\"width:512px;height:359px\" srcset=\"https:\/\/benoitspiess.com\/wp-content\/uploads\/2023\/11\/Luxe-2-1024x718.jpg 1024w, https:\/\/benoitspiess.com\/wp-content\/uploads\/2023\/11\/Luxe-2-300x210.jpg 300w, https:\/\/benoitspiess.com\/wp-content\/uploads\/2023\/11\/Luxe-2-768x538.jpg 768w, https:\/\/benoitspiess.com\/wp-content\/uploads\/2023\/11\/Luxe-2-1536x1077.jpg 1536w, https:\/\/benoitspiess.com\/wp-content\/uploads\/2023\/11\/Luxe-2-2048x1436.jpg 2048w\" sizes=\"auto, (max-width: 1024px) 100vw, 1024px\" \/><\/figure>\n<\/div><\/div>\n\n\n\n<div class=\"wp-block-column is-vertically-aligned-center is-layout-flow wp-block-column-is-layout-flow\" style=\"flex-basis:50%\">\n<h3 class=\"wp-block-heading has-text-align-center has-nv-site-bg-color has-text-color\">Automatisation de rapports pour le contr\u00f4le de gestion<br><\/h3>\n\n\n\n<p class=\"has-text-align-left has-nv-site-bg-color has-text-color\"><em><strong>P\u00e9riode :<\/strong> mai 2023 &#8211; novembre 2023<\/em><br><em><strong>Technologie :<\/strong> Excel, VBA, Power Query, Power BI, Power Automate et SAP<\/em><br><em><strong>Secteur :<\/strong> Luxe<\/em><br>-Refonte des rapports : destinataires, KPI, visualisation, interactivit\u00e9&#8230;<br>-Automatisation des rapports existant via Excel, Power Query et VBA<br>-Diffusion automatique des rapports par emails<br>-Modification de rapports Power BI<br><\/p>\n<\/div>\n<\/div>\n<\/div><\/div>\n<\/div><\/div>\n\n\n\n<div class=\"wp-block-cover alignfull\" style=\"min-height:535px;aspect-ratio:unset;\"><span aria-hidden=\"true\" class=\"wp-block-cover__background has-nv-light-bg-background-color has-background-dim-100 has-background-dim\"><\/span><div class=\"wp-block-cover__inner-container is-layout-flow wp-block-cover-is-layout-flow\">\n<div class=\"wp-block-group\"><div class=\"wp-block-group__inner-container is-layout-flow wp-block-group-is-layout-flow\">\n<div class=\"wp-block-columns are-vertically-aligned-center is-layout-flex wp-container-core-columns-is-layout-9d6595d7 wp-block-columns-is-layout-flex\">\n<div class=\"wp-block-column is-vertically-aligned-center is-layout-flow wp-block-column-is-layout-flow\" style=\"flex-basis:50%\"><div class=\"wp-block-image is-style-default\">\n<figure class=\"alignleft size-full\"><img loading=\"lazy\" decoding=\"async\" width=\"640\" height=\"427\" src=\"https:\/\/benoitspiess.com\/wp-content\/uploads\/2023\/06\/Dashboard.jpg\" alt=\"\" class=\"wp-image-618\" srcset=\"https:\/\/benoitspiess.com\/wp-content\/uploads\/2023\/06\/Dashboard.jpg 640w, https:\/\/benoitspiess.com\/wp-content\/uploads\/2023\/06\/Dashboard-300x200.jpg 300w\" sizes=\"auto, (max-width: 640px) 100vw, 640px\" \/><\/figure>\n<\/div><\/div>\n\n\n\n<div class=\"wp-block-column is-vertically-aligned-center is-layout-flow wp-block-column-is-layout-flow\" style=\"flex-basis:50%\">\n<h3 class=\"wp-block-heading has-text-align-center has-nv-dark-bg-color has-text-color\">Accompagnement du contr\u00f4le de gestion en qualit\u00e9 d&rsquo;expert data<br><\/h3>\n\n\n\n<p class=\"has-text-align-left has-nv-dark-bg-color has-text-color\"><em><strong>P\u00e9riode : <\/strong>septembre 2022 &#8211; avril 2023<\/em><br><em><strong>Technologie :<\/strong> Excel, VBA, Power Query, Microstrategy, HFM<\/em><br><em><strong>Secteur :<\/strong> Distribution (BtoB)<\/em><br>-Cr\u00e9ation d\u2019un syst\u00e8me de mod\u00e9lisation des frais de personnels via Power Query et Excel selon un ensemble d\u2019hypoth\u00e8ses param\u00e9trables avec une gestion du caract\u00e8re confidentiel des donn\u00e9es<br>-Refonte et automatisation de rapport Excel existant via Power Query et VBA<br>-Cr\u00e9ation de dashboards dans Microstrategy (logiciel de BI)<br>-Cr\u00e9ation d\u2019un outil de calcul de la marge par flux logisitique via Excel, Power Query et VBA<br>-Cr\u00e9ation d\u2019un deck de reporting (slides) automatique regroupant de multiples KPI sur la performance financi\u00e8re de l\u2019entreprise<\/p>\n<\/div>\n<\/div>\n<\/div><\/div>\n<\/div><\/div>\n\n\n\n<div class=\"wp-block-cover alignfull\" style=\"min-height:535px;aspect-ratio:unset;\"><span aria-hidden=\"true\" class=\"wp-block-cover__background has-nv-dark-bg-background-color has-background-dim-100 has-background-dim\"><\/span><div class=\"wp-block-cover__inner-container is-layout-flow wp-block-cover-is-layout-flow\">\n<div class=\"wp-block-group\"><div class=\"wp-block-group__inner-container is-layout-flow wp-block-group-is-layout-flow\">\n<div class=\"wp-block-columns are-vertically-aligned-center is-layout-flex wp-container-core-columns-is-layout-9d6595d7 wp-block-columns-is-layout-flex\">\n<div class=\"wp-block-column is-vertically-aligned-center is-layout-flow wp-block-column-is-layout-flow\" style=\"flex-basis:50%\"><div class=\"wp-block-image is-style-default\">\n<figure class=\"alignleft size-large is-resized\"><img loading=\"lazy\" decoding=\"async\" width=\"1024\" height=\"514\" src=\"https:\/\/benoitspiess.com\/wp-content\/uploads\/2023\/01\/Traduction-2-1024x514.jpg\" alt=\"\" class=\"wp-image-605\" style=\"width:512px;height:257px\" srcset=\"https:\/\/benoitspiess.com\/wp-content\/uploads\/2023\/01\/Traduction-2-1024x514.jpg 1024w, https:\/\/benoitspiess.com\/wp-content\/uploads\/2023\/01\/Traduction-2-300x151.jpg 300w, https:\/\/benoitspiess.com\/wp-content\/uploads\/2023\/01\/Traduction-2-768x386.jpg 768w, https:\/\/benoitspiess.com\/wp-content\/uploads\/2023\/01\/Traduction-2-1536x772.jpg 1536w, https:\/\/benoitspiess.com\/wp-content\/uploads\/2023\/01\/Traduction-2-2048x1029.jpg 2048w\" sizes=\"auto, (max-width: 1024px) 100vw, 1024px\" \/><\/figure>\n<\/div><\/div>\n\n\n\n<div class=\"wp-block-column is-vertically-aligned-center is-layout-flow wp-block-column-is-layout-flow\" style=\"flex-basis:50%\">\n<h3 class=\"wp-block-heading has-text-align-center has-nv-light-bg-color has-text-color\"><br>Contr\u00f4le de gestion sociale pour une entreprise de traduction<\/h3>\n\n\n\n<p class=\"has-text-align-left has-nv-light-bg-color has-text-color\"><em><strong>P\u00e9riode : <\/strong>avril 202 &#8211; juillet 202<\/em>2<br><em><strong>Technologie :<\/strong> Excel, VBA, Power Query<\/em><br><em><strong>Secteur : <\/strong>Services<\/em><br>Le client avait besoin de fiabiliser et d&rsquo;am\u00e9liorer son contr\u00f4le de gestion sociale. Les frais de personnels repr\u00e9sentant un poste de co\u00fbt majeur dans ce secteur d&rsquo;activit\u00e9, l&rsquo;enjeu \u00e9tait critique. J&rsquo;ai mis en place une m\u00e9thodologie robuste permettant d&rsquo;\u00e9clairer et de faciliter la prise de d\u00e9cisions strat\u00e9giques.<\/p>\n<\/div>\n<\/div>\n<\/div><\/div>\n<\/div><\/div>\n\n\n\n<div class=\"wp-block-cover alignfull\" style=\"min-height:535px;aspect-ratio:unset;\"><span aria-hidden=\"true\" class=\"wp-block-cover__background has-nv-light-bg-background-color has-background-dim-100 has-background-dim\"><\/span><div class=\"wp-block-cover__inner-container is-layout-flow wp-block-cover-is-layout-flow\">\n<div class=\"wp-block-group\"><div class=\"wp-block-group__inner-container is-layout-flow wp-block-group-is-layout-flow\">\n<div class=\"wp-block-columns are-vertically-aligned-center is-layout-flex wp-container-core-columns-is-layout-9d6595d7 wp-block-columns-is-layout-flex\">\n<div class=\"wp-block-column is-vertically-aligned-center is-layout-flow wp-block-column-is-layout-flow\" style=\"flex-basis:50%\"><div class=\"wp-block-image is-style-default\">\n<figure class=\"alignleft size-full is-resized\"><img loading=\"lazy\" decoding=\"async\" width=\"640\" height=\"427\" src=\"https:\/\/benoitspiess.com\/wp-content\/uploads\/2023\/01\/nick-chong-N__BnvQ_w18-unsplash.jpg\" alt=\"\" class=\"wp-image-607\" style=\"width:480px;height:320px\" srcset=\"https:\/\/benoitspiess.com\/wp-content\/uploads\/2023\/01\/nick-chong-N__BnvQ_w18-unsplash.jpg 640w, https:\/\/benoitspiess.com\/wp-content\/uploads\/2023\/01\/nick-chong-N__BnvQ_w18-unsplash-300x200.jpg 300w\" sizes=\"auto, (max-width: 640px) 100vw, 640px\" \/><\/figure>\n<\/div><\/div>\n\n\n\n<div class=\"wp-block-column is-vertically-aligned-center is-layout-flow wp-block-column-is-layout-flow\" style=\"flex-basis:50%\">\n<h3 class=\"wp-block-heading has-text-align-center has-nv-dark-bg-color has-text-color\">R\u00e9solution de bug dans une base de donn\u00e9es Access pour actifs financiers<br><\/h3>\n\n\n\n<p class=\"has-text-align-left has-nv-dark-bg-color has-text-color\"><em><strong>P\u00e9riode :<\/strong> janvier 2022<\/em><br><em><strong>Technologie :<\/strong> Access, VBA, SQL<\/em><br><em><strong>Secteur :<\/strong> Finance<\/em><br>Un client dans la finance avait besoin de r\u00e9soudre des bugs dans une base de donn\u00e9es Access, qui l\u2019emp\u00eachaient de g\u00e9n\u00e9rer ses simulations financi\u00e8res sur les cours de diff\u00e9rentes actions. Ma mission \u00e9tait de comprendre l\u2019origine du bug, afin d\u2019apporter un correctif.<\/p>\n<\/div>\n<\/div>\n<\/div><\/div>\n<\/div><\/div>\n\n\n\n<div class=\"wp-block-cover alignfull\" style=\"min-height:535px;aspect-ratio:unset;\"><span aria-hidden=\"true\" class=\"wp-block-cover__background has-nv-dark-bg-background-color has-background-dim-100 has-background-dim\"><\/span><div class=\"wp-block-cover__inner-container is-layout-flow wp-block-cover-is-layout-flow\">\n<div class=\"wp-block-group\"><div class=\"wp-block-group__inner-container is-layout-flow wp-block-group-is-layout-flow\">\n<div class=\"wp-block-columns are-vertically-aligned-center is-layout-flex wp-container-core-columns-is-layout-9d6595d7 wp-block-columns-is-layout-flex\">\n<div class=\"wp-block-column is-vertically-aligned-center is-layout-flow wp-block-column-is-layout-flow\" style=\"flex-basis:50%\"><div class=\"wp-block-image is-style-default\">\n<figure class=\"alignleft size-large is-resized\"><img loading=\"lazy\" decoding=\"async\" width=\"1024\" height=\"769\" src=\"https:\/\/benoitspiess.com\/wp-content\/uploads\/2023\/01\/Immobilier-1-1024x769.jpg\" alt=\"\" class=\"wp-image-608\" style=\"width:512px;height:385px\" srcset=\"https:\/\/benoitspiess.com\/wp-content\/uploads\/2023\/01\/Immobilier-1-1024x769.jpg 1024w, https:\/\/benoitspiess.com\/wp-content\/uploads\/2023\/01\/Immobilier-1-300x225.jpg 300w, https:\/\/benoitspiess.com\/wp-content\/uploads\/2023\/01\/Immobilier-1-768x577.jpg 768w, https:\/\/benoitspiess.com\/wp-content\/uploads\/2023\/01\/Immobilier-1-1536x1153.jpg 1536w, https:\/\/benoitspiess.com\/wp-content\/uploads\/2023\/01\/Immobilier-1-2048x1538.jpg 2048w\" sizes=\"auto, (max-width: 1024px) 100vw, 1024px\" \/><\/figure>\n<\/div><\/div>\n\n\n\n<div class=\"wp-block-column is-vertically-aligned-center is-layout-flow wp-block-column-is-layout-flow\" style=\"flex-basis:50%\">\n<h3 class=\"wp-block-heading has-text-align-center has-nv-site-bg-color has-text-color\"><br>Interface Excel et base de donn\u00e9es SQL Server pour actifs immobiliers<\/h3>\n\n\n\n<p class=\"has-text-align-left has-nv-site-bg-color has-text-color\"><em><strong>P\u00e9riode : <\/strong>octobre 2021 &#8211; d\u00e9cembre 2021<\/em><br><em><strong>Technologie : <\/strong>Excel, VBA, SQL Server, SQL<\/em><br><em><strong>Secteur :<\/strong> Immobilier<\/em><br>Un client dans l&rsquo;immobilier avait besoin de mettre en place un syst\u00e8me permettant de consolider, de retraiter et d&rsquo;historiser des donn\u00e9es concernant ses actifs immobilier en location. Ma mission \u00e9tait de cr\u00e9er une interface Excel permettant d&rsquo;importer et de retraiter ses donn\u00e9es avant de les exporter vers une base de donn\u00e9es SQL Server. Cette base pouvait ensuite \u00eatre requ\u00eat\u00e9e, afin d&rsquo;obtenir les donn\u00e9es de diff\u00e9rentes p\u00e9riodes et de les comparer entre elles.<\/p>\n<\/div>\n<\/div>\n<\/div><\/div>\n<\/div><\/div>\n\n\n\n<p><\/p>\n","protected":false},"excerpt":{"rendered":"","protected":false},"author":1,"featured_media":0,"parent":0,"menu_order":0,"comment_status":"closed","ping_status":"closed","template":"","meta":{"om_disable_all_campaigns":false,"_monsterinsights_skip_tracking":false,"_monsterinsights_sitenote_active":false,"_monsterinsights_sitenote_note":"","_monsterinsights_sitenote_category":0,"neve_meta_sidebar":"full-width","neve_meta_container":"","neve_meta_enable_content_width":"on","neve_meta_content_width":100,"neve_meta_title_alignment":"","neve_meta_author_avatar":"","neve_post_elements_order":"","neve_meta_disable_header":"","neve_meta_disable_footer":"","neve_meta_disable_title":"on","_ti_tpc_template_sync":false,"_ti_tpc_template_id":"t3x60x1arljpehhy6mr6","footnotes":""},"class_list":["post-69","page","type-page","status-publish","hentry"],"aioseo_notices":[],"_links":{"self":[{"href":"https:\/\/benoitspiess.com\/index.php\/wp-json\/wp\/v2\/pages\/69","targetHints":{"allow":["GET"]}}],"collection":[{"href":"https:\/\/benoitspiess.com\/index.php\/wp-json\/wp\/v2\/pages"}],"about":[{"href":"https:\/\/benoitspiess.com\/index.php\/wp-json\/wp\/v2\/types\/page"}],"author":[{"embeddable":true,"href":"https:\/\/benoitspiess.com\/index.php\/wp-json\/wp\/v2\/users\/1"}],"replies":[{"embeddable":true,"href":"https:\/\/benoitspiess.com\/index.php\/wp-json\/wp\/v2\/comments?post=69"}],"version-history":[{"count":50,"href":"https:\/\/benoitspiess.com\/index.php\/wp-json\/wp\/v2\/pages\/69\/revisions"}],"predecessor-version":[{"id":760,"href":"https:\/\/benoitspiess.com\/index.php\/wp-json\/wp\/v2\/pages\/69\/revisions\/760"}],"wp:attachment":[{"href":"https:\/\/benoitspiess.com\/index.php\/wp-json\/wp\/v2\/media?parent=69"}],"curies":[{"name":"wp","href":"https:\/\/api.w.org\/{rel}","templated":true}]}}